{"id":3442,"date":"2024-09-18T01:19:42","date_gmt":"2024-09-18T01:19:42","guid":{"rendered":"https:\/\/byoreg.ca\/product\/by-o-reg-organic-19\/"},"modified":"2025-07-24T09:30:18","modified_gmt":"2025-07-24T09:30:18","slug":"by-o-reg-organic-19","status":"publish","type":"product","link":"https:\/\/byoreg.ca\/fr\/produit\/by-o-reg-organic-19\/","title":{"rendered":"By-O-reg+"},"content":{"rendered":"<p>Un additif alimentaire enti\u00e8rement naturel con\u00e7u pour soutenir et maintenir une performance optimale. Dans chaque exploitation, grande ou petite, il existe des d\u00e9fis de production li\u00e9s aux maladies, \u00e0 la faible performance ou \u00e0 l\u2019efficacit\u00e9 alimentaire. Ce produit \u00e0 faible taux d\u2019inclusion, facile \u00e0 utiliser et test\u00e9 en milieu universitaire constitue la base de notre programme.  <\/p>\n","protected":false},"excerpt":{"rendered":"<p><strong>Formats disponibles: <\/strong>Sac de 50 lb. <\/p>\n<p><strong>Modes d&rsquo;utilisation:<\/strong> RTM <em>(un agent tensioactif peut \u00eatre n\u00e9cessaire)<\/em>, granul\u00e9s, min\u00e9ral en vrac, aliment extrud\u00e9, suppl\u00e9ment en surface ou aliment liquide.<\/p>\n","protected":false},"featured_media":3305,"template":"","meta":[],"product_brand":[],"product_cat":[115,127,126,125,124,123,122,121,120,119,118,117,116,110,109,108,107,106,105,104,102,101,99],"product_tag":[],"class_list":{"0":"post-3442","1":"product","2":"type-product","3":"status-publish","4":"has-post-thumbnail","6":"product_cat-demarrage","7":"product_cat-reproducteurs","8":"product_cat-dindes","9":"product_cat-petits-elevages","10":"product_cat-dindonneaux","11":"product_cat-truies","12":"product_cat-poulets-de-chair","13":"product_cat-autres","14":"product_cat-ponte","15":"product_cat-ponte-en-basse-cour","16":"product_cat-croissance-finition","17":"product_cat-poulettes","18":"product_cat-poussins","19":"product_cat-vaches-en-lactation","20":"product_cat-vaches-taries-pre-velage","21":"product_cat-genisses-de-remplacement-fr","22":"product_cat-genisses-de-remplacement","23":"product_cat-developpement-des-taureaux","24":"product_cat-veaux-veaux-sevres","25":"product_cat-veaux","26":"product_cat-parc-dengraissement","27":"product_cat-bouvillons-mise-en-valeur","28":"product_cat-vache-veau","30":"first","31":"instock","32":"shipping-taxable","33":"product-type-simple"},"acf":[],"yoast_head":"<!-- This site is optimized with the Yoast SEO plugin v27.4 - https:\/\/yoast.com\/product\/yoast-seo-wordpress\/ -->\n<title>By-O-reg+ - By-O-reg<\/title>\n<meta name=\"robots\" content=\"index, follow, max-snippet:-1, max-image-preview:large, max-video-preview:-1\" \/>\n<link rel=\"canonical\" href=\"https:\/\/byoreg.ca\/fr\/produit\/by-o-reg-organic-19\/\" \/>\n<meta property=\"og:locale\" content=\"fr_FR\" \/>\n<meta property=\"og:type\" content=\"article\" \/>\n<meta property=\"og:title\" content=\"By-O-reg+ - By-O-reg\" \/>\n<meta property=\"og:description\" content=\"Formats disponibles: Sac de 50 lb.  Modes d&#039;utilisation: RTM (un agent tensioactif peut \u00eatre n\u00e9cessaire), granul\u00e9s, min\u00e9ral en vrac, aliment extrud\u00e9, suppl\u00e9ment en surface ou aliment liquide.\" \/>\n<meta property=\"og:url\" content=\"https:\/\/byoreg.ca\/fr\/produit\/by-o-reg-organic-19\/\" \/>\n<meta property=\"og:site_name\" content=\"By-O-reg\" \/>\n<meta property=\"article:publisher\" content=\"http:\/\/www.facebook.com\/ByOregAAP\/\" \/>\n<meta property=\"article:modified_time\" content=\"2025-07-24T09:30:18+00:00\" \/>\n<meta property=\"og:image\" content=\"https:\/\/byoreg.ca\/wp-content\/uploads\/2024\/08\/byoregplus_bag-image.jpg\" \/>\n\t<meta property=\"og:image:width\" content=\"900\" \/>\n\t<meta property=\"og:image:height\" content=\"980\" \/>\n\t<meta property=\"og:image:type\" content=\"image\/jpeg\" \/>\n<meta name=\"twitter:card\" content=\"summary_large_image\" \/>\n<meta name=\"twitter:label1\" content=\"Est. reading time\" \/>\n\t<meta name=\"twitter:data1\" content=\"1 minute\" \/>\n<script type=\"application\/ld+json\" class=\"yoast-schema-graph\">{\"@context\":\"https:\\\/\\\/schema.org\",\"@graph\":[{\"@type\":\"WebPage\",\"@id\":\"https:\\\/\\\/byoreg.ca\\\/fr\\\/produit\\\/by-o-reg-organic-19\\\/\",\"url\":\"https:\\\/\\\/byoreg.ca\\\/fr\\\/produit\\\/by-o-reg-organic-19\\\/\",\"name\":\"By-O-reg+ - By-O-reg\",\"isPartOf\":{\"@id\":\"https:\\\/\\\/byoreg.ca\\\/#website\"},\"primaryImageOfPage\":{\"@id\":\"https:\\\/\\\/byoreg.ca\\\/fr\\\/produit\\\/by-o-reg-organic-19\\\/#primaryimage\"},\"image\":{\"@id\":\"https:\\\/\\\/byoreg.ca\\\/fr\\\/produit\\\/by-o-reg-organic-19\\\/#primaryimage\"},\"thumbnailUrl\":\"https:\\\/\\\/byoreg.ca\\\/wp-content\\\/uploads\\\/2024\\\/08\\\/byoregplus_bag-image.jpg\",\"datePublished\":\"2024-09-18T01:19:42+00:00\",\"dateModified\":\"2025-07-24T09:30:18+00:00\",\"breadcrumb\":{\"@id\":\"https:\\\/\\\/byoreg.ca\\\/fr\\\/produit\\\/by-o-reg-organic-19\\\/#breadcrumb\"},\"inLanguage\":\"fr-FR\",\"potentialAction\":[{\"@type\":\"ReadAction\",\"target\":[\"https:\\\/\\\/byoreg.ca\\\/fr\\\/produit\\\/by-o-reg-organic-19\\\/\"]}]},{\"@type\":\"ImageObject\",\"inLanguage\":\"fr-FR\",\"@id\":\"https:\\\/\\\/byoreg.ca\\\/fr\\\/produit\\\/by-o-reg-organic-19\\\/#primaryimage\",\"url\":\"https:\\\/\\\/byoreg.ca\\\/wp-content\\\/uploads\\\/2024\\\/08\\\/byoregplus_bag-image.jpg\",\"contentUrl\":\"https:\\\/\\\/byoreg.ca\\\/wp-content\\\/uploads\\\/2024\\\/08\\\/byoregplus_bag-image.jpg\",\"width\":900,\"height\":980},{\"@type\":\"BreadcrumbList\",\"@id\":\"https:\\\/\\\/byoreg.ca\\\/fr\\\/produit\\\/by-o-reg-organic-19\\\/#breadcrumb\",\"itemListElement\":[{\"@type\":\"ListItem\",\"position\":1,\"name\":\"Home\",\"item\":\"https:\\\/\\\/byoreg.ca\\\/fr\\\/\"},{\"@type\":\"ListItem\",\"position\":2,\"name\":\"Shop\",\"item\":\"https:\\\/\\\/byoreg.ca\\\/shop\\\/\"},{\"@type\":\"ListItem\",\"position\":3,\"name\":\"By-O-reg+\"}]},{\"@type\":\"WebSite\",\"@id\":\"https:\\\/\\\/byoreg.ca\\\/#website\",\"url\":\"https:\\\/\\\/byoreg.ca\\\/\",\"name\":\"By-O-reg+\",\"description\":\"\",\"publisher\":{\"@id\":\"https:\\\/\\\/byoreg.ca\\\/#organization\"},\"potentialAction\":[{\"@type\":\"SearchAction\",\"target\":{\"@type\":\"EntryPoint\",\"urlTemplate\":\"https:\\\/\\\/byoreg.ca\\\/?s={search_term_string}\"},\"query-input\":{\"@type\":\"PropertyValueSpecification\",\"valueRequired\":true,\"valueName\":\"search_term_string\"}}],\"inLanguage\":\"fr-FR\"},{\"@type\":\"Organization\",\"@id\":\"https:\\\/\\\/byoreg.ca\\\/#organization\",\"name\":\"By-O-reg+\",\"url\":\"https:\\\/\\\/byoreg.ca\\\/\",\"logo\":{\"@type\":\"ImageObject\",\"inLanguage\":\"fr-FR\",\"@id\":\"https:\\\/\\\/byoreg.ca\\\/#\\\/schema\\\/logo\\\/image\\\/\",\"url\":\"https:\\\/\\\/byoreg.ca\\\/wp-content\\\/uploads\\\/2020\\\/09\\\/By-O-reg_Logo_New.png\",\"contentUrl\":\"https:\\\/\\\/byoreg.ca\\\/wp-content\\\/uploads\\\/2020\\\/09\\\/By-O-reg_Logo_New.png\",\"width\":7555,\"height\":2529,\"caption\":\"By-O-reg+\"},\"image\":{\"@id\":\"https:\\\/\\\/byoreg.ca\\\/#\\\/schema\\\/logo\\\/image\\\/\"},\"sameAs\":[\"http:\\\/\\\/www.facebook.com\\\/ByOregAAP\\\/\",\"https:\\\/\\\/www.linkedin.com\\\/company\\\/advanced-ag-products-llc\"]}]}<\/script>\n<!-- \/ Yoast SEO plugin. -->","yoast_head_json":{"title":"By-O-reg+ - By-O-reg","robots":{"index":"index","follow":"follow","max-snippet":"max-snippet:-1","max-image-preview":"max-image-preview:large","max-video-preview":"max-video-preview:-1"},"canonical":"https:\/\/byoreg.ca\/fr\/produit\/by-o-reg-organic-19\/","og_locale":"fr_FR","og_type":"article","og_title":"By-O-reg+ - By-O-reg","og_description":"Formats disponibles: Sac de 50 lb.  Modes d'utilisation: RTM (un agent tensioactif peut \u00eatre n\u00e9cessaire), granul\u00e9s, min\u00e9ral en vrac, aliment extrud\u00e9, suppl\u00e9ment en surface ou aliment liquide.","og_url":"https:\/\/byoreg.ca\/fr\/produit\/by-o-reg-organic-19\/","og_site_name":"By-O-reg","article_publisher":"http:\/\/www.facebook.com\/ByOregAAP\/","article_modified_time":"2025-07-24T09:30:18+00:00","og_image":[{"width":900,"height":980,"url":"https:\/\/byoreg.ca\/wp-content\/uploads\/2024\/08\/byoregplus_bag-image.jpg","type":"image\/jpeg"}],"twitter_card":"summary_large_image","twitter_misc":{"Est. reading time":"1 minute"},"schema":{"@context":"https:\/\/schema.org","@graph":[{"@type":"WebPage","@id":"https:\/\/byoreg.ca\/fr\/produit\/by-o-reg-organic-19\/","url":"https:\/\/byoreg.ca\/fr\/produit\/by-o-reg-organic-19\/","name":"By-O-reg+ - By-O-reg","isPartOf":{"@id":"https:\/\/byoreg.ca\/#website"},"primaryImageOfPage":{"@id":"https:\/\/byoreg.ca\/fr\/produit\/by-o-reg-organic-19\/#primaryimage"},"image":{"@id":"https:\/\/byoreg.ca\/fr\/produit\/by-o-reg-organic-19\/#primaryimage"},"thumbnailUrl":"https:\/\/byoreg.ca\/wp-content\/uploads\/2024\/08\/byoregplus_bag-image.jpg","datePublished":"2024-09-18T01:19:42+00:00","dateModified":"2025-07-24T09:30:18+00:00","breadcrumb":{"@id":"https:\/\/byoreg.ca\/fr\/produit\/by-o-reg-organic-19\/#breadcrumb"},"inLanguage":"fr-FR","potentialAction":[{"@type":"ReadAction","target":["https:\/\/byoreg.ca\/fr\/produit\/by-o-reg-organic-19\/"]}]},{"@type":"ImageObject","inLanguage":"fr-FR","@id":"https:\/\/byoreg.ca\/fr\/produit\/by-o-reg-organic-19\/#primaryimage","url":"https:\/\/byoreg.ca\/wp-content\/uploads\/2024\/08\/byoregplus_bag-image.jpg","contentUrl":"https:\/\/byoreg.ca\/wp-content\/uploads\/2024\/08\/byoregplus_bag-image.jpg","width":900,"height":980},{"@type":"BreadcrumbList","@id":"https:\/\/byoreg.ca\/fr\/produit\/by-o-reg-organic-19\/#breadcrumb","itemListElement":[{"@type":"ListItem","position":1,"name":"Home","item":"https:\/\/byoreg.ca\/fr\/"},{"@type":"ListItem","position":2,"name":"Shop","item":"https:\/\/byoreg.ca\/shop\/"},{"@type":"ListItem","position":3,"name":"By-O-reg+"}]},{"@type":"WebSite","@id":"https:\/\/byoreg.ca\/#website","url":"https:\/\/byoreg.ca\/","name":"By-O-reg+","description":"","publisher":{"@id":"https:\/\/byoreg.ca\/#organization"},"potentialAction":[{"@type":"SearchAction","target":{"@type":"EntryPoint","urlTemplate":"https:\/\/byoreg.ca\/?s={search_term_string}"},"query-input":{"@type":"PropertyValueSpecification","valueRequired":true,"valueName":"search_term_string"}}],"inLanguage":"fr-FR"},{"@type":"Organization","@id":"https:\/\/byoreg.ca\/#organization","name":"By-O-reg+","url":"https:\/\/byoreg.ca\/","logo":{"@type":"ImageObject","inLanguage":"fr-FR","@id":"https:\/\/byoreg.ca\/#\/schema\/logo\/image\/","url":"https:\/\/byoreg.ca\/wp-content\/uploads\/2020\/09\/By-O-reg_Logo_New.png","contentUrl":"https:\/\/byoreg.ca\/wp-content\/uploads\/2020\/09\/By-O-reg_Logo_New.png","width":7555,"height":2529,"caption":"By-O-reg+"},"image":{"@id":"https:\/\/byoreg.ca\/#\/schema\/logo\/image\/"},"sameAs":["http:\/\/www.facebook.com\/ByOregAAP\/","https:\/\/www.linkedin.com\/company\/advanced-ag-products-llc"]}]}},"_links":{"self":[{"href":"https:\/\/byoreg.ca\/fr\/wp-json\/wp\/v2\/product\/3442","targetHints":{"allow":["GET"]}}],"collection":[{"href":"https:\/\/byoreg.ca\/fr\/wp-json\/wp\/v2\/product"}],"about":[{"href":"https:\/\/byoreg.ca\/fr\/wp-json\/wp\/v2\/types\/product"}],"wp:featuredmedia":[{"embeddable":true,"href":"https:\/\/byoreg.ca\/fr\/wp-json\/wp\/v2\/media\/3305"}],"wp:attachment":[{"href":"https:\/\/byoreg.ca\/fr\/wp-json\/wp\/v2\/media?parent=3442"}],"wp:term":[{"taxonomy":"product_brand","embeddable":true,"href":"https:\/\/byoreg.ca\/fr\/wp-json\/wp\/v2\/product_brand?post=3442"},{"taxonomy":"product_cat","embeddable":true,"href":"https:\/\/byoreg.ca\/fr\/wp-json\/wp\/v2\/product_cat?post=3442"},{"taxonomy":"product_tag","embeddable":true,"href":"https:\/\/byoreg.ca\/fr\/wp-json\/wp\/v2\/product_tag?post=3442"}],"curies":[{"name":"wp","href":"https:\/\/api.w.org\/{rel}","templated":true}]}}