{"id":3443,"date":"2024-09-17T20:44:16","date_gmt":"2024-09-17T20:44:16","guid":{"rendered":"https:\/\/byoreg.ca\/product\/by-o-reg-sheep-pro-min-tub\/"},"modified":"2025-07-24T09:35:22","modified_gmt":"2025-07-24T09:35:22","slug":"by-o-reg-sheep-pro-min-tub","status":"publish","type":"product","link":"https:\/\/byoreg.ca\/fr\/produit\/by-o-reg-sheep-pro-min-tub\/","title":{"rendered":"By-O-reg+ Bloc pour moutons"},"content":{"rendered":"<p>Un bloc min\u00e9ral complet avec prot\u00e9ine enti\u00e8rement naturelle ajout\u00e9e (sans ur\u00e9e) pour les moutons au p\u00e2turage ou nourris avec un r\u00e9gime \u00e0 base de fourrage.<\/p>\n","protected":false},"excerpt":{"rendered":"<p><strong>Formats offerts:<\/strong> bac en plastique de 125 lb <\/p>\n<p><strong>M\u00e9thodes d&rsquo;utilisation:<\/strong> p\u00e2turage, parc d&rsquo;engraissement ou mangeoire<\/p>\n","protected":false},"featured_media":3392,"template":"","meta":[],"product_brand":[],"product_cat":[111,112,113],"product_tag":[],"class_list":{"0":"post-3443","1":"product","2":"type-product","3":"status-publish","4":"has-post-thumbnail","6":"product_cat-agneaux-jeunes","7":"product_cat-adultes","8":"product_cat-beliers","10":"first","11":"instock","12":"shipping-taxable","13":"product-type-simple"},"acf":[],"yoast_head":"<!-- This site is optimized with the Yoast SEO plugin v27.5 - https:\/\/yoast.com\/product\/yoast-seo-wordpress\/ -->\n<title>By-O-reg+ Bloc pour moutons - By-O-reg<\/title>\n<meta name=\"robots\" content=\"index, follow, max-snippet:-1, max-image-preview:large, max-video-preview:-1\" \/>\n<link rel=\"canonical\" href=\"https:\/\/byoreg.ca\/fr\/produit\/by-o-reg-sheep-pro-min-tub\/\" \/>\n<meta property=\"og:locale\" content=\"fr_FR\" \/>\n<meta property=\"og:type\" content=\"article\" \/>\n<meta property=\"og:title\" content=\"By-O-reg+ Bloc pour moutons - By-O-reg\" \/>\n<meta property=\"og:description\" content=\"Formats offerts: bac en plastique de 125 lb  M\u00e9thodes d&#039;utilisation: p\u00e2turage, parc d&#039;engraissement ou mangeoire\" \/>\n<meta property=\"og:url\" content=\"https:\/\/byoreg.ca\/fr\/produit\/by-o-reg-sheep-pro-min-tub\/\" \/>\n<meta property=\"og:site_name\" content=\"By-O-reg\" \/>\n<meta property=\"article:publisher\" content=\"http:\/\/www.facebook.com\/ByOregAAP\/\" \/>\n<meta property=\"article:modified_time\" content=\"2025-07-24T09:35:22+00:00\" \/>\n<meta property=\"og:image\" content=\"https:\/\/byoreg.ca\/wp-content\/uploads\/2024\/09\/sheep-tub-pic-768x1024.jpeg\" \/>\n\t<meta property=\"og:image:width\" content=\"768\" \/>\n\t<meta property=\"og:image:height\" content=\"1024\" \/>\n\t<meta property=\"og:image:type\" content=\"image\/jpeg\" \/>\n<meta name=\"twitter:card\" content=\"summary_large_image\" \/>\n<meta name=\"twitter:label1\" content=\"Est. reading time\" \/>\n\t<meta name=\"twitter:data1\" content=\"1 minute\" \/>\n<script type=\"application\/ld+json\" class=\"yoast-schema-graph\">{\"@context\":\"https:\\\/\\\/schema.org\",\"@graph\":[{\"@type\":\"WebPage\",\"@id\":\"https:\\\/\\\/byoreg.ca\\\/fr\\\/produit\\\/by-o-reg-sheep-pro-min-tub\\\/\",\"url\":\"https:\\\/\\\/byoreg.ca\\\/fr\\\/produit\\\/by-o-reg-sheep-pro-min-tub\\\/\",\"name\":\"By-O-reg+ Bloc pour moutons - By-O-reg\",\"isPartOf\":{\"@id\":\"https:\\\/\\\/byoreg.ca\\\/#website\"},\"primaryImageOfPage\":{\"@id\":\"https:\\\/\\\/byoreg.ca\\\/fr\\\/produit\\\/by-o-reg-sheep-pro-min-tub\\\/#primaryimage\"},\"image\":{\"@id\":\"https:\\\/\\\/byoreg.ca\\\/fr\\\/produit\\\/by-o-reg-sheep-pro-min-tub\\\/#primaryimage\"},\"thumbnailUrl\":\"https:\\\/\\\/byoreg.ca\\\/wp-content\\\/uploads\\\/2024\\\/09\\\/sheep-tub-pic.jpeg\",\"datePublished\":\"2024-09-17T20:44:16+00:00\",\"dateModified\":\"2025-07-24T09:35:22+00:00\",\"breadcrumb\":{\"@id\":\"https:\\\/\\\/byoreg.ca\\\/fr\\\/produit\\\/by-o-reg-sheep-pro-min-tub\\\/#breadcrumb\"},\"inLanguage\":\"fr-FR\",\"potentialAction\":[{\"@type\":\"ReadAction\",\"target\":[\"https:\\\/\\\/byoreg.ca\\\/fr\\\/produit\\\/by-o-reg-sheep-pro-min-tub\\\/\"]}]},{\"@type\":\"ImageObject\",\"inLanguage\":\"fr-FR\",\"@id\":\"https:\\\/\\\/byoreg.ca\\\/fr\\\/produit\\\/by-o-reg-sheep-pro-min-tub\\\/#primaryimage\",\"url\":\"https:\\\/\\\/byoreg.ca\\\/wp-content\\\/uploads\\\/2024\\\/09\\\/sheep-tub-pic.jpeg\",\"contentUrl\":\"https:\\\/\\\/byoreg.ca\\\/wp-content\\\/uploads\\\/2024\\\/09\\\/sheep-tub-pic.jpeg\",\"width\":1816,\"height\":2420},{\"@type\":\"BreadcrumbList\",\"@id\":\"https:\\\/\\\/byoreg.ca\\\/fr\\\/produit\\\/by-o-reg-sheep-pro-min-tub\\\/#breadcrumb\",\"itemListElement\":[{\"@type\":\"ListItem\",\"position\":1,\"name\":\"Home\",\"item\":\"https:\\\/\\\/byoreg.ca\\\/fr\\\/\"},{\"@type\":\"ListItem\",\"position\":2,\"name\":\"Shop\",\"item\":\"https:\\\/\\\/byoreg.ca\\\/shop\\\/\"},{\"@type\":\"ListItem\",\"position\":3,\"name\":\"By-O-reg+ Bloc pour moutons\"}]},{\"@type\":\"WebSite\",\"@id\":\"https:\\\/\\\/byoreg.ca\\\/#website\",\"url\":\"https:\\\/\\\/byoreg.ca\\\/\",\"name\":\"By-O-reg+\",\"description\":\"\",\"publisher\":{\"@id\":\"https:\\\/\\\/byoreg.ca\\\/#organization\"},\"potentialAction\":[{\"@type\":\"SearchAction\",\"target\":{\"@type\":\"EntryPoint\",\"urlTemplate\":\"https:\\\/\\\/byoreg.ca\\\/?s={search_term_string}\"},\"query-input\":{\"@type\":\"PropertyValueSpecification\",\"valueRequired\":true,\"valueName\":\"search_term_string\"}}],\"inLanguage\":\"fr-FR\"},{\"@type\":\"Organization\",\"@id\":\"https:\\\/\\\/byoreg.ca\\\/#organization\",\"name\":\"By-O-reg+\",\"url\":\"https:\\\/\\\/byoreg.ca\\\/\",\"logo\":{\"@type\":\"ImageObject\",\"inLanguage\":\"fr-FR\",\"@id\":\"https:\\\/\\\/byoreg.ca\\\/#\\\/schema\\\/logo\\\/image\\\/\",\"url\":\"https:\\\/\\\/byoreg.ca\\\/wp-content\\\/uploads\\\/2020\\\/09\\\/By-O-reg_Logo_New.png\",\"contentUrl\":\"https:\\\/\\\/byoreg.ca\\\/wp-content\\\/uploads\\\/2020\\\/09\\\/By-O-reg_Logo_New.png\",\"width\":7555,\"height\":2529,\"caption\":\"By-O-reg+\"},\"image\":{\"@id\":\"https:\\\/\\\/byoreg.ca\\\/#\\\/schema\\\/logo\\\/image\\\/\"},\"sameAs\":[\"http:\\\/\\\/www.facebook.com\\\/ByOregAAP\\\/\",\"https:\\\/\\\/www.linkedin.com\\\/company\\\/advanced-ag-products-llc\"]}]}<\/script>\n<!-- \/ Yoast SEO plugin. -->","yoast_head_json":{"title":"By-O-reg+ Bloc pour moutons - By-O-reg","robots":{"index":"index","follow":"follow","max-snippet":"max-snippet:-1","max-image-preview":"max-image-preview:large","max-video-preview":"max-video-preview:-1"},"canonical":"https:\/\/byoreg.ca\/fr\/produit\/by-o-reg-sheep-pro-min-tub\/","og_locale":"fr_FR","og_type":"article","og_title":"By-O-reg+ Bloc pour moutons - By-O-reg","og_description":"Formats offerts: bac en plastique de 125 lb  M\u00e9thodes d'utilisation: p\u00e2turage, parc d'engraissement ou mangeoire","og_url":"https:\/\/byoreg.ca\/fr\/produit\/by-o-reg-sheep-pro-min-tub\/","og_site_name":"By-O-reg","article_publisher":"http:\/\/www.facebook.com\/ByOregAAP\/","article_modified_time":"2025-07-24T09:35:22+00:00","og_image":[{"width":768,"height":1024,"url":"https:\/\/byoreg.ca\/wp-content\/uploads\/2024\/09\/sheep-tub-pic-768x1024.jpeg","type":"image\/jpeg"}],"twitter_card":"summary_large_image","twitter_misc":{"Est. reading time":"1 minute"},"schema":{"@context":"https:\/\/schema.org","@graph":[{"@type":"WebPage","@id":"https:\/\/byoreg.ca\/fr\/produit\/by-o-reg-sheep-pro-min-tub\/","url":"https:\/\/byoreg.ca\/fr\/produit\/by-o-reg-sheep-pro-min-tub\/","name":"By-O-reg+ Bloc pour moutons - By-O-reg","isPartOf":{"@id":"https:\/\/byoreg.ca\/#website"},"primaryImageOfPage":{"@id":"https:\/\/byoreg.ca\/fr\/produit\/by-o-reg-sheep-pro-min-tub\/#primaryimage"},"image":{"@id":"https:\/\/byoreg.ca\/fr\/produit\/by-o-reg-sheep-pro-min-tub\/#primaryimage"},"thumbnailUrl":"https:\/\/byoreg.ca\/wp-content\/uploads\/2024\/09\/sheep-tub-pic.jpeg","datePublished":"2024-09-17T20:44:16+00:00","dateModified":"2025-07-24T09:35:22+00:00","breadcrumb":{"@id":"https:\/\/byoreg.ca\/fr\/produit\/by-o-reg-sheep-pro-min-tub\/#breadcrumb"},"inLanguage":"fr-FR","potentialAction":[{"@type":"ReadAction","target":["https:\/\/byoreg.ca\/fr\/produit\/by-o-reg-sheep-pro-min-tub\/"]}]},{"@type":"ImageObject","inLanguage":"fr-FR","@id":"https:\/\/byoreg.ca\/fr\/produit\/by-o-reg-sheep-pro-min-tub\/#primaryimage","url":"https:\/\/byoreg.ca\/wp-content\/uploads\/2024\/09\/sheep-tub-pic.jpeg","contentUrl":"https:\/\/byoreg.ca\/wp-content\/uploads\/2024\/09\/sheep-tub-pic.jpeg","width":1816,"height":2420},{"@type":"BreadcrumbList","@id":"https:\/\/byoreg.ca\/fr\/produit\/by-o-reg-sheep-pro-min-tub\/#breadcrumb","itemListElement":[{"@type":"ListItem","position":1,"name":"Home","item":"https:\/\/byoreg.ca\/fr\/"},{"@type":"ListItem","position":2,"name":"Shop","item":"https:\/\/byoreg.ca\/shop\/"},{"@type":"ListItem","position":3,"name":"By-O-reg+ Bloc pour moutons"}]},{"@type":"WebSite","@id":"https:\/\/byoreg.ca\/#website","url":"https:\/\/byoreg.ca\/","name":"By-O-reg+","description":"","publisher":{"@id":"https:\/\/byoreg.ca\/#organization"},"potentialAction":[{"@type":"SearchAction","target":{"@type":"EntryPoint","urlTemplate":"https:\/\/byoreg.ca\/?s={search_term_string}"},"query-input":{"@type":"PropertyValueSpecification","valueRequired":true,"valueName":"search_term_string"}}],"inLanguage":"fr-FR"},{"@type":"Organization","@id":"https:\/\/byoreg.ca\/#organization","name":"By-O-reg+","url":"https:\/\/byoreg.ca\/","logo":{"@type":"ImageObject","inLanguage":"fr-FR","@id":"https:\/\/byoreg.ca\/#\/schema\/logo\/image\/","url":"https:\/\/byoreg.ca\/wp-content\/uploads\/2020\/09\/By-O-reg_Logo_New.png","contentUrl":"https:\/\/byoreg.ca\/wp-content\/uploads\/2020\/09\/By-O-reg_Logo_New.png","width":7555,"height":2529,"caption":"By-O-reg+"},"image":{"@id":"https:\/\/byoreg.ca\/#\/schema\/logo\/image\/"},"sameAs":["http:\/\/www.facebook.com\/ByOregAAP\/","https:\/\/www.linkedin.com\/company\/advanced-ag-products-llc"]}]}},"_links":{"self":[{"href":"https:\/\/byoreg.ca\/fr\/wp-json\/wp\/v2\/product\/3443","targetHints":{"allow":["GET"]}}],"collection":[{"href":"https:\/\/byoreg.ca\/fr\/wp-json\/wp\/v2\/product"}],"about":[{"href":"https:\/\/byoreg.ca\/fr\/wp-json\/wp\/v2\/types\/product"}],"wp:featuredmedia":[{"embeddable":true,"href":"https:\/\/byoreg.ca\/fr\/wp-json\/wp\/v2\/media\/3392"}],"wp:attachment":[{"href":"https:\/\/byoreg.ca\/fr\/wp-json\/wp\/v2\/media?parent=3443"}],"wp:term":[{"taxonomy":"product_brand","embeddable":true,"href":"https:\/\/byoreg.ca\/fr\/wp-json\/wp\/v2\/product_brand?post=3443"},{"taxonomy":"product_cat","embeddable":true,"href":"https:\/\/byoreg.ca\/fr\/wp-json\/wp\/v2\/product_cat?post=3443"},{"taxonomy":"product_tag","embeddable":true,"href":"https:\/\/byoreg.ca\/fr\/wp-json\/wp\/v2\/product_tag?post=3443"}],"curies":[{"name":"wp","href":"https:\/\/api.w.org\/{rel}","templated":true}]}}